{"id":8401,"date":"2024-07-09T13:53:21","date_gmt":"2024-07-09T11:53:21","guid":{"rendered":"http:\/\/www.labaien.org\/?page_id=8401"},"modified":"2025-08-01T14:25:43","modified_gmt":"2025-08-01T12:25:43","slug":"nombre_pueblo-2","status":"publish","type":"page","link":"http:\/\/www.labaien.org\/es\/nombre_pueblo-2\/","title":{"rendered":"Uso del espacio"},"content":{"rendered":"<p><\/p>\n<h2>Permisos de ocupaci\u00f3n de espacios de dominio y uso p\u00fablico<\/h2>\n<p>Ordenanza municipal reguladora de la ocupaci\u00f3n de espacios de dominio y uso p\u00fablico: <a href=\"https:\/\/bon.navarra.es\/es\/anuncio\/-\/texto\/2024\/92\/17\">Anuncio &#8211; Bolet\u00edn Oficial de Navarra<\/a><\/p>\n<p><strong>LAXOA ELKARTEA<\/strong><\/p>\n<p><a href=\"http:\/\/www.labaien.org\/wp-content\/uploads\/sites\/31\/2025\/03\/Resolucion_N_22_de_21032025_232025_ebazpena_-_SEGRA_68400.pdf\" class=\"mtli_attachment mtli_pdf\">29\/03\/2025<\/a><\/p>\n<p><strong>ORBEL HAIZEA SLU<\/strong><\/p>\n<p><a href=\"http:\/\/www.labaien.org\/wp-content\/uploads\/sites\/31\/2025\/03\/Resolucion_N_27_de_31032025_272025_ebazpena_-_SEGRA_69533.pdf\" class=\"mtli_attachment mtli_pdf\">Permiso 2025: <\/a><strong><em><a href=\"http:\/\/www.labaien.org\/es\/2025ko-espazio-publikoaren-erabilera-orbel-haizea-s-l-u\/\">Usos semanalas<\/a><\/em><\/strong><\/p>\n<p><a href=\"http:\/\/www.labaien.org\/wp-content\/uploads\/sites\/31\/2025\/06\/Resolucion_N_45_de_09062025_452025_ebazpena_-_SEGRA_79904.pdf\" class=\"mtli_attachment mtli_pdf\">Modificaci\u00f3n del permiso de 2025, tras resoluci\u00f3n del TAN y alegaciones\u00a0<\/a><\/p>\n<p><a href=\"http:\/\/www.labaien.org\/wp-content\/uploads\/sites\/31\/2024\/07\/Resolucion_N_48_de_09072024_482024_ebazpena_espazio_publikoen_erabilera_-_SEGRA_36802.pdf\" class=\"mtli_attachment mtli_pdf\">Permiso 2024<\/a><\/p>\n<p><a href=\"http:\/\/www.labaien.org\/wp-content\/uploads\/sites\/31\/2024\/07\/Anexo_1.pdf\" class=\"mtli_attachment mtli_pdf\">Anexo 1<\/a><\/p>\n<p><a href=\"http:\/\/www.labaien.org\/wp-content\/uploads\/sites\/31\/2024\/07\/Anexo_2_Uztaila.pdf\" class=\"mtli_attachment mtli_pdf\">Anexo 2<\/a><\/p>\n<p><a href=\"http:\/\/www.labaien.org\/wp-content\/uploads\/sites\/31\/2024\/07\/Anexo_3_Jarduerak_eta_kokapena.pdf\" class=\"mtli_attachment mtli_pdf\">Anexo 3<\/a><\/p>\n<p><a href=\"http:\/\/www.labaien.org\/wp-content\/uploads\/sites\/31\/2024\/07\/Resolucion_N_42_de_03062024_422024_ebazpena_frontoia_erabiltzeko_baimena_ekainak_3_-_SEGRA_32507.pdf\" class=\"mtli_attachment mtli_pdf\">03\/06\/2024<\/a><\/p>\n<p><strong>POSADA DE LABAIEN<\/strong><\/p>\n<p><a href=\"http:\/\/www.labaien.org\/wp-content\/uploads\/sites\/31\/2024\/07\/Resolucion_N_55_de_26072024_552024_ebazpena_abuztuak_3rako_baimena_-_SEGRA_38386.pdf\" class=\"mtli_attachment mtli_pdf\">03\/08\/2024<\/a><\/p>\n<p><strong>TXOZNA<\/strong><\/p>\n<p><a href=\"http:\/\/www.labaien.org\/wp-content\/uploads\/sites\/31\/2025\/08\/Resolucion_N_76_de_01082025_762025_ebazpena_-_SEGRA_87179.pdf\" class=\"mtli_attachment mtli_pdf\">Fiestas 2025<\/a><\/p>\n<p><strong>PERMISOS DE TERRAZA<\/strong><\/p>\n<p><a href=\"http:\/\/www.labaien.org\/wp-content\/uploads\/sites\/31\/2024\/11\/Resolucion_N_77_de_14102024_782024_ebazpena_Beintzako_ostatuaren_terraza_2024-2025_-_SEGRA_46879.pdf\" class=\"mtli_attachment mtli_pdf\">2024-2025 Posada de Beintza &#8211; ORBELA<\/a><\/p>\n<p><a href=\"http:\/\/www.labaien.org\/wp-content\/uploads\/sites\/31\/2025\/08\/Resolucion_N_75_de_01082025_752025_ebazpena_-_SEGRA_86671.pdf\" class=\"mtli_attachment mtli_pdf\">Terraza fiestas 2025<\/a><\/p>\n<p><a href=\"http:\/\/www.labaien.org\/wp-content\/uploads\/sites\/31\/2024\/11\/Resolucion_N_51_de_18072024_512024_ebazpena_Labaiengo_ostatuko_terraza_-_SEGRA_37452.pdf\" class=\"mtli_attachment mtli_pdf\">2024-2025 Posada de Labaien<\/a><\/p>","protected":false},"excerpt":{"rendered":"<p>Permisos de ocupaci\u00f3n de espacios de dominio y uso p\u00fablico Ordenanza municipal reguladora de la ocupaci\u00f3n de espacios de dominio y uso p\u00fablico: Anuncio &#8211; Bolet\u00edn Oficial de Navarra LAXOA ELKARTEA 29\/03\/2025 ORBEL HAIZEA SLU Permiso 2025: Usos semanalas Modificaci\u00f3n&hellip; <\/p>\n","protected":false},"author":19041,"featured_media":116,"parent":0,"menu_order":6,"comment_status":"closed","ping_status":"closed","template":"","meta":{"_monsterinsights_skip_tracking":false,"_monsterinsights_sitenote_active":false,"_monsterinsights_sitenote_note":"","_monsterinsights_sitenote_category":0,"footnotes":""},"class_list":["post-8401","page","type-page","status-publish","has-post-thumbnail","hentry"],"_links":{"self":[{"href":"http:\/\/www.labaien.org\/es\/wp-json\/wp\/v2\/pages\/8401","targetHints":{"allow":["GET"]}}],"collection":[{"href":"http:\/\/www.labaien.org\/es\/wp-json\/wp\/v2\/pages"}],"about":[{"href":"http:\/\/www.labaien.org\/es\/wp-json\/wp\/v2\/types\/page"}],"author":[{"embeddable":true,"href":"http:\/\/www.labaien.org\/es\/wp-json\/wp\/v2\/users\/19041"}],"replies":[{"embeddable":true,"href":"http:\/\/www.labaien.org\/es\/wp-json\/wp\/v2\/comments?post=8401"}],"version-history":[{"count":14,"href":"http:\/\/www.labaien.org\/es\/wp-json\/wp\/v2\/pages\/8401\/revisions"}],"predecessor-version":[{"id":8505,"href":"http:\/\/www.labaien.org\/es\/wp-json\/wp\/v2\/pages\/8401\/revisions\/8505"}],"wp:featuredmedia":[{"embeddable":true,"href":"http:\/\/www.labaien.org\/es\/wp-json\/wp\/v2\/media\/116"}],"wp:attachment":[{"href":"http:\/\/www.labaien.org\/es\/wp-json\/wp\/v2\/media?parent=8401"}],"curies":[{"name":"wp","href":"https:\/\/api.w.org\/{rel}","templated":true}]}}