{"id":8360,"date":"2024-03-25T11:44:51","date_gmt":"2024-03-25T10:44:51","guid":{"rendered":"http:\/\/www.labaien.org\/?page_id=8360"},"modified":"2024-11-07T14:16:08","modified_gmt":"2024-11-07T13:16:08","slug":"iruzurraren-aurkako-politika","status":"publish","type":"page","link":"http:\/\/www.labaien.org\/es\/iruzurraren-aurkako-politika\/","title":{"rendered":"Pol\u00edtica antifraude"},"content":{"rendered":"<p><\/p>\n<h6 style=\"text-align: justify\">Canal Denuncias Antifraude<\/h6>\n<p style=\"text-align: justify\">Si desea denunciar hechos que puedan ser constitutivos de fraude o irregularidad en relaci\u00f3n con proyectos u operaciones financiados con cargo a fondos procedentes de la Uni\u00f3n Europea, puede utilizar el canal habilitado al efecto por el Ayuntamiento de Beintza-Labaien:<\/p>\n<p style=\"text-align: justify\"><div class=\"bloque class-col-xs-12\"><a href=\"#denuncias\" class=\"bloque-tab\">CANAL DE DENUNCIAS<\/a><div class=\"contenido-bloque\" id=\"denuncias\" style=\"display: none;\"><\/p>\n<p style=\"text-align: justify\"><p>Las denuncias enviadas a trav\u00e9s de este buz\u00f3n deben versar sobre conductas contrarias a la legislaci\u00f3n vigente, a los c\u00f3digos, pol\u00edticas y a cualquier actuaci\u00f3n irregular o impropia cometida en el seno de esta entidad.<\/p><h3 class='titulo_den'>Nueva denuncia<\/h3><form method='POST' id='canal-denuncias' enctype='multipart\/form-data' action='\/es\/wp-json\/wp\/v2\/pages\/8360'><div class='form-group'><label for='asunto'>Asunto<span class='required'>*<\/span><\/label><input id='asunto' class='form-control' type='text' name='asunto' value='' \/><\/div><div class='form-group'><p class='form-text text-muted'>Los hechos deben describirse de la forma m\u00e1s concreta y detallada posible, debiendo aportarse cualquier documentaci\u00f3n o elemento de prueba que facilite su verificaci\u00f3n. Se aconseja facilitar la informaci\u00f3n sensible mediante un fichero adjunto.<\/p><label for='descripcion'>Descripci\u00f3n<span class='required'>*<\/span><\/label><textarea id='descripcion' class='form-control' name='descripcion'><\/textarea><\/div><div class='form-group'><label for='adjunto'>Adjuntar archivo<\/label><input id='adjunto' class='form-control' type='file' name='adjunto' value='' \/><small>Tipos de fichero v\u00e1lidos: jpeg, gif, png, tiff, webp y pdf<\/small><\/div><hr><div class='h4'>Datos de contacto (opcional)<\/div><p>Se guardar\u00e1 total confidencialidad respecto a su identidad. Si no facilita datos de contacto, renuncia a su derecho a recibir notificaci\u00f3n.<\/p><div class='form-group'><label for='nombre'>Nombre y apellidos<\/label><input id='nombre' class='form-control' type='text' name='nombre' value='' \/><\/div><div class='form-group'><label for='email'>Email<\/label><input id='email' class='form-control' type='text' name='email' value='' \/><\/div><div class='form-group'><input class='btn btn-default btn-denuncias' type='submit' name='enviar' value='Enviar' \/><\/div><table class='denuncias-lopd'><tbody><tr><th scope='row'>Responsable<\/th><td>Ayuntamiento de Beintza-Labaien<\/td><\/tr><tr><th scope='row'>Finalidad<\/th><td><p>Gesti\u00f3n, tramitaci\u00f3n e investigaci\u00f3n de las comunicaciones que lleguen a trav\u00e9s del canal de denuncias.<\/p><p>Mantenimiento del libro registro con las informaciones recibidas y las investigaciones internas que hayan dado lugar, de conformidad con el art. 26 de la Ley 2\/2023.<\/p><\/td><\/tr><tr><th scope='row'>Legitimizaci\u00f3n<\/th><td><p>Tratamiento necesario para el cumplimiento de una obligaci\u00f3n legal aplicable al responsable de tratamiento (art. 6.1.c RGPD)<\/p><p>Ley 2\/2023, de 20 de febrero, reguladora de la protecci\u00f3n de las personas que informen sobre infracciones normativas y de lucha contra la corrupci\u00f3n.<\/p><\/td><\/tr><tr><th scope='row'>Derechos<\/th><td>Acceso, rectificaci\u00f3n, supresi\u00f3n y otros como se indica en la informaci\u00f3n ampliada.<\/td><\/tr><tr><th scope='row'>Informaci\u00f3n adicional<\/th><td>La informaci\u00f3n ampliada se puede consultar en el apartado de <a href=\"\/aviso-de-privacidad\">Protecci\u00f3n de datos de la web<\/a> o contactando con el delegado de protecci\u00f3n de datos (<a href=\"mailto:\"><\/a>)<\/td><\/tr><\/tbody><tfoot><tr><td colspan='2'>Informaci\u00f3n b\u00e1sica sobre protecci\u00f3n de datos<\/td><\/tfoot><\/table><input type='hidden' id='g-recaptcha-response' name='g-recaptcha-response'><input type='hidden' name='action' value='validate_captcha'><\/form><script src='https:\/\/www.google.com\/recaptcha\/api.js?render=6Ldhe3kUAAAAAFKXOO2m_AMUvZMDrAdmrDisBeQJ'><\/script><script>grecaptcha.ready(function () {\n    document.querySelector('.btn.btn-default.btn-denuncias').addEventListener('click', function (e) {\n        e.preventDefault()\n\n        grecaptcha.execute('6Ldhe3kUAAAAAFKXOO2m_AMUvZMDrAdmrDisBeQJ', {action: 'validate_captcha'})\n            .then(function (token) {\n                document.getElementById('g-recaptcha-response').value = token\n                document.getElementById('canal-denuncias').submit()\n            });\n    })\n})\n\t<\/script><\/p>\n<p style=\"text-align: justify\"><h3 id='buscador-denuncias' class='titulo_den'>Consultar estado denuncia<\/h3><form method='GET' action='\/es\/wp-json\/wp\/v2\/pages\/8360#buscador-denuncias'><p>Si cuando curs\u00f3 la denuncia facilit\u00f3 un email introd\u00fazcalo, en caso contrario, introduzca el n\u00famero de denuncia que se le facilit\u00f3<\/p><div class='form-group'><label for='incidencia-email'>C\u00f3digo de denuncia \/ Correo electr\u00f3nico:<\/label><input type='text' name='denuncia' id='incidencia-email' class='form-control' value='' \/><\/div><div class='form-group'><input type='submit' class='btn btn-default btn-denuncias' value='Buscar' \/><\/div><\/form><\/p>\n<p style=\"text-align: justify\"><\/div><\/div><\/p>\n<p style=\"text-align: justify\">Igualmente, se informa que adem\u00e1s de los procedimientos establecidos en este mismo documento, cualquier ciudadano o empleado p\u00fablico, podr\u00e1 comunicar hechos presuntamente fraudulentos al SNCA, a trav\u00e9s del canal de denuncias externo \u201cInfofraude\u201d, habilitado al efecto por dicho servicio en la direcci\u00f3n web:<\/p>\n<ul class=\"listaAlineada\" style=\"text-align: justify\">\n<li><a href=\"https:\/\/www.igae.pap.hacienda.gob.es\/sitios\/igae\/es-ES\/snca\/Paginas\/ComunicacionSNCA.aspx\" target=\"_blank\" rel=\"noreferrer noopener\"><strong>Comunicaci\u00f3n de informaci\u00f3n sobre fraudes o irregularidades que afecten a fondos europeo<\/strong><\/a><\/li>\n<\/ul>\n<h6 style=\"text-align: justify\">Documentos<\/h6>\n<p style=\"text-align: justify\">La Pol\u00edtica Antifraude en el marco del Plan de Recuperaci\u00f3n, Transformaci\u00f3n y Resiliencia (PRTR) y de los fondos NGEU fue aprobada en sesi\u00f3n del Pleno del Ayuntamiento de Beintza-Labaien, celebrada el 22 de marzo de 2024.<\/p>\n<p style=\"text-align: justify\"><a href=\"http:\/\/www.labaien.org\/wp-content\/uploads\/sites\/31\/2024\/03\/Plan_de_Medidas_antifraude_BEINTZA-LABAIEN.pdf\" class=\"mtli_attachment mtli_pdf\">PLAN DE MEDIDAS ANTIFRAUDE PARA LA GESTI\u00d3N DE LOS FONDOS NEXT GENERATION UE<\/a><\/p>\n<p style=\"text-align: justify\"><a href=\"http:\/\/www.labaien.org\/wp-content\/uploads\/sites\/31\/2024\/03\/Iruzurraren_aurkako_planaPlan_Antifraude_-_SEFYCU_50727.pdf\" class=\"mtli_attachment mtli_pdf\">APROBACI\u00d3N DEL PLAN ANTIFRAUDE<\/a><\/p>\n<p style=\"text-align: justify\"><a href=\"http:\/\/www.labaien.org\/wp-content\/uploads\/sites\/31\/2024\/03\/Resolucion_N_20_de_25032024_202024_ebazpena_Iruzurraren_aurkako_batzordea_-_SEGRA_24444.pdf\" class=\"mtli_attachment mtli_pdf\">NOMBRAMIENTO DE LA COMISI\u00d3N ANTIFRAUDE<\/a><\/p>\n<p><\/p>","protected":false},"excerpt":{"rendered":"<p>Canal Denuncias Antifraude Si desea denunciar hechos que puedan ser constitutivos de fraude o irregularidad en relaci\u00f3n con proyectos u operaciones financiados con cargo a fondos procedentes de la Uni\u00f3n Europea, puede utilizar el canal habilitado al efecto por el&hellip; <\/p>\n","protected":false},"author":19041,"featured_media":0,"parent":0,"menu_order":0,"comment_status":"closed","ping_status":"closed","template":"","meta":{"_monsterinsights_skip_tracking":false,"_monsterinsights_sitenote_active":false,"_monsterinsights_sitenote_note":"","_monsterinsights_sitenote_category":0,"footnotes":""},"class_list":["post-8360","page","type-page","status-publish","hentry"],"_links":{"self":[{"href":"http:\/\/www.labaien.org\/es\/wp-json\/wp\/v2\/pages\/8360","targetHints":{"allow":["GET"]}}],"collection":[{"href":"http:\/\/www.labaien.org\/es\/wp-json\/wp\/v2\/pages"}],"about":[{"href":"http:\/\/www.labaien.org\/es\/wp-json\/wp\/v2\/types\/page"}],"author":[{"embeddable":true,"href":"http:\/\/www.labaien.org\/es\/wp-json\/wp\/v2\/users\/19041"}],"replies":[{"embeddable":true,"href":"http:\/\/www.labaien.org\/es\/wp-json\/wp\/v2\/comments?post=8360"}],"version-history":[{"count":4,"href":"http:\/\/www.labaien.org\/es\/wp-json\/wp\/v2\/pages\/8360\/revisions"}],"predecessor-version":[{"id":8433,"href":"http:\/\/www.labaien.org\/es\/wp-json\/wp\/v2\/pages\/8360\/revisions\/8433"}],"wp:attachment":[{"href":"http:\/\/www.labaien.org\/es\/wp-json\/wp\/v2\/media?parent=8360"}],"curies":[{"name":"wp","href":"https:\/\/api.w.org\/{rel}","templated":true}]}}