{"id":7297,"date":"2015-12-09T13:31:35","date_gmt":"2015-12-09T13:31:35","guid":{"rendered":"http:\/\/www.animsa.es\/?page_id=7297"},"modified":"2018-04-04T10:36:19","modified_gmt":"2018-04-04T10:36:19","slug":"obras-publicas-urbanismo-e-infraestructuras","status":"publish","type":"page","link":"http:\/\/www.labaien.org\/es\/general\/transparencia\/urbanismo-obras-publicas-y-medioambiente\/obras-publicas-urbanismo-e-infraestructuras\/","title":{"rendered":"Obras p\u00fablicas, urbanismo e infraestructuras"},"content":{"rendered":"<p><\/p>\n<ul>\n<li>Informaci\u00f3n sobre obras en ejecuci\u00f3n: objetivo, responsable municipal, contratista, importe, periodo de ejecuci\u00f3n).<\/li>\n<li>Informaci\u00f3n semestral sobre las obras de infraestructuras realizadas, aprobadas y pendientes de ejecuci\u00f3n.<\/li>\n<li>Inversi\u00f3n en infraestructuras por habitante.<\/li>\n<li>Proporci\u00f3n de ingresos del Urbanismo: Ingresos derivados del urbanismo\/Ingresos totales.<\/li>\n<\/ul>\n<p><\/p>","protected":false},"excerpt":{"rendered":"<p>Informaci\u00f3n sobre obras en ejecuci\u00f3n: objetivo, responsable municipal, contratista, importe, periodo de ejecuci\u00f3n). Informaci\u00f3n semestral sobre las obras de infraestructuras realizadas, aprobadas y pendientes de ejecuci\u00f3n. Inversi\u00f3n en infraestructuras por habitante. Proporci\u00f3n de ingresos del Urbanismo: Ingresos derivados del urbanismo\/Ingresos&hellip; <\/p>\n","protected":false},"author":19005,"featured_media":0,"parent":7258,"menu_order":0,"comment_status":"closed","ping_status":"closed","template":"","meta":{"_monsterinsights_skip_tracking":false,"_monsterinsights_sitenote_active":false,"_monsterinsights_sitenote_note":"","_monsterinsights_sitenote_category":0,"footnotes":""},"class_list":["post-7297","page","type-page","status-publish","hentry"],"_links":{"self":[{"href":"http:\/\/www.labaien.org\/es\/wp-json\/wp\/v2\/pages\/7297","targetHints":{"allow":["GET"]}}],"collection":[{"href":"http:\/\/www.labaien.org\/es\/wp-json\/wp\/v2\/pages"}],"about":[{"href":"http:\/\/www.labaien.org\/es\/wp-json\/wp\/v2\/types\/page"}],"author":[{"embeddable":true,"href":"http:\/\/www.labaien.org\/es\/wp-json\/wp\/v2\/users\/19005"}],"replies":[{"embeddable":true,"href":"http:\/\/www.labaien.org\/es\/wp-json\/wp\/v2\/comments?post=7297"}],"version-history":[{"count":1,"href":"http:\/\/www.labaien.org\/es\/wp-json\/wp\/v2\/pages\/7297\/revisions"}],"predecessor-version":[{"id":7320,"href":"http:\/\/www.labaien.org\/es\/wp-json\/wp\/v2\/pages\/7297\/revisions\/7320"}],"up":[{"embeddable":true,"href":"http:\/\/www.labaien.org\/es\/wp-json\/wp\/v2\/pages\/7258"}],"wp:attachment":[{"href":"http:\/\/www.labaien.org\/es\/wp-json\/wp\/v2\/media?parent=7297"}],"curies":[{"name":"wp","href":"https:\/\/api.w.org\/{rel}","templated":true}]}}