{"id":7293,"date":"2015-12-09T13:28:13","date_gmt":"2015-12-09T13:28:13","guid":{"rendered":"http:\/\/www.animsa.es\/?page_id=7293"},"modified":"2018-04-04T10:35:41","modified_gmt":"2018-04-04T10:35:41","slug":"anuncios-y-licitaciones-de-obras-publicas","status":"publish","type":"page","link":"http:\/\/www.labaien.org\/es\/general\/transparencia\/urbanismo-obras-publicas-y-medioambiente\/anuncios-y-licitaciones-de-obras-publicas\/","title":{"rendered":"Anuncios y licitaciones de obras p\u00fablicas"},"content":{"rendered":"<p><\/p>\n<ul>\n<li>Normativa vigente en materia de gesti\u00f3n urban\u00edstica.<\/li>\n<li>Proyectos, pliegos y criterios de licitaci\u00f3n de obras p\u00fablicas.<\/li>\n<li>Modificaciones, reformados y complementarios de los proyectos de obra.<\/li>\n<\/ul>\n<p><\/p>","protected":false},"excerpt":{"rendered":"<p>Normativa vigente en materia de gesti\u00f3n urban\u00edstica. Proyectos, pliegos y criterios de licitaci\u00f3n de obras p\u00fablicas. Modificaciones, reformados y complementarios de los proyectos de obra.<\/p>\n","protected":false},"author":19005,"featured_media":0,"parent":7258,"menu_order":0,"comment_status":"closed","ping_status":"closed","template":"","meta":{"_monsterinsights_skip_tracking":false,"_monsterinsights_sitenote_active":false,"_monsterinsights_sitenote_note":"","_monsterinsights_sitenote_category":0,"footnotes":""},"class_list":["post-7293","page","type-page","status-publish","hentry"],"_links":{"self":[{"href":"http:\/\/www.labaien.org\/es\/wp-json\/wp\/v2\/pages\/7293","targetHints":{"allow":["GET"]}}],"collection":[{"href":"http:\/\/www.labaien.org\/es\/wp-json\/wp\/v2\/pages"}],"about":[{"href":"http:\/\/www.labaien.org\/es\/wp-json\/wp\/v2\/types\/page"}],"author":[{"embeddable":true,"href":"http:\/\/www.labaien.org\/es\/wp-json\/wp\/v2\/users\/19005"}],"replies":[{"embeddable":true,"href":"http:\/\/www.labaien.org\/es\/wp-json\/wp\/v2\/comments?post=7293"}],"version-history":[{"count":1,"href":"http:\/\/www.labaien.org\/es\/wp-json\/wp\/v2\/pages\/7293\/revisions"}],"predecessor-version":[{"id":7318,"href":"http:\/\/www.labaien.org\/es\/wp-json\/wp\/v2\/pages\/7293\/revisions\/7318"}],"up":[{"embeddable":true,"href":"http:\/\/www.labaien.org\/es\/wp-json\/wp\/v2\/pages\/7258"}],"wp:attachment":[{"href":"http:\/\/www.labaien.org\/es\/wp-json\/wp\/v2\/media?parent=7293"}],"curies":[{"name":"wp","href":"https:\/\/api.w.org\/{rel}","templated":true}]}}