{"id":7284,"date":"2015-12-09T12:59:46","date_gmt":"2015-12-09T12:59:46","guid":{"rendered":"http:\/\/www.animsa.es\/?page_id=7284"},"modified":"2018-04-04T10:34:26","modified_gmt":"2018-04-04T10:34:26","slug":"procedimientos-de-contratacion","status":"publish","type":"page","link":"http:\/\/www.labaien.org\/es\/general\/transparencia\/contrataciones-convenios-subvenciones-y-costes-de-los-servicios\/procedimientos-de-contratacion\/","title":{"rendered":"Procedimientos de contrataci\u00f3n"},"content":{"rendered":"<p><\/p>\n<ul>\n<li>Convocatorias, designaci\u00f3n y composici\u00f3n de las mesas de contrataci\u00f3n.<\/li>\n<li>Actas de las mesas de contrataci\u00f3n.<\/li>\n<\/ul>\n<p><\/p>","protected":false},"excerpt":{"rendered":"<p>Convocatorias, designaci\u00f3n y composici\u00f3n de las mesas de contrataci\u00f3n. Actas de las mesas de contrataci\u00f3n.<\/p>\n","protected":false},"author":19005,"featured_media":0,"parent":7256,"menu_order":0,"comment_status":"closed","ping_status":"closed","template":"","meta":{"_monsterinsights_skip_tracking":false,"_monsterinsights_sitenote_active":false,"_monsterinsights_sitenote_note":"","_monsterinsights_sitenote_category":0,"footnotes":""},"class_list":["post-7284","page","type-page","status-publish","hentry"],"_links":{"self":[{"href":"http:\/\/www.labaien.org\/es\/wp-json\/wp\/v2\/pages\/7284","targetHints":{"allow":["GET"]}}],"collection":[{"href":"http:\/\/www.labaien.org\/es\/wp-json\/wp\/v2\/pages"}],"about":[{"href":"http:\/\/www.labaien.org\/es\/wp-json\/wp\/v2\/types\/page"}],"author":[{"embeddable":true,"href":"http:\/\/www.labaien.org\/es\/wp-json\/wp\/v2\/users\/19005"}],"replies":[{"embeddable":true,"href":"http:\/\/www.labaien.org\/es\/wp-json\/wp\/v2\/comments?post=7284"}],"version-history":[{"count":1,"href":"http:\/\/www.labaien.org\/es\/wp-json\/wp\/v2\/pages\/7284\/revisions"}],"predecessor-version":[{"id":7315,"href":"http:\/\/www.labaien.org\/es\/wp-json\/wp\/v2\/pages\/7284\/revisions\/7315"}],"up":[{"embeddable":true,"href":"http:\/\/www.labaien.org\/es\/wp-json\/wp\/v2\/pages\/7256"}],"wp:attachment":[{"href":"http:\/\/www.labaien.org\/es\/wp-json\/wp\/v2\/media?parent=7284"}],"curies":[{"name":"wp","href":"https:\/\/api.w.org\/{rel}","templated":true}]}}