{"id":10,"date":"2018-04-03T08:04:06","date_gmt":"2018-04-03T08:04:06","guid":{"rendered":"http:\/\/www.labaien.org\/nombre_pueblo\/"},"modified":"2026-03-23T13:54:05","modified_gmt":"2026-03-23T12:54:05","slug":"nombre_pueblo","status":"publish","type":"page","link":"http:\/\/www.labaien.org\/es\/nombre_pueblo\/","title":{"rendered":"Ayuntamiento"},"content":{"rendered":"<p><\/p>\n<h2>Ayuntamiento<\/h2>\n<ul>\n<li><strong>Horario de las oficinas:<\/strong> Lunes y viernes de 08:00 a 11:00 horas (atenci\u00f3n telef\u00f3nica) atenci\u00f3n presencial con cita previa de 10:00 h. a 11:00 h.<\/li>\n<li><strong>Direcci\u00f3n:<\/strong> Udaletxeko Karrika 9- 2\u00ba Beintza-Labaien (NAVARRA)<\/li>\n<li><strong>Tel\u00e9fono:<\/strong> 948 45 08 64<\/li>\n<li><strong>E-mail: <\/strong><a href=\"mailto:udala@labaien.org\">udala@labaien.e<\/a>us<\/li>\n<\/ul>\n<h2>Alcalde:<\/h2>\n<ul>\n<li>Jon Telletxea Juanenea &#8211; Herriarengatik<\/li>\n<\/ul>\n<h2>Concejales:<\/h2>\n<ul>\n<li>Yolanda Urroz Saldias- Alkateorde &#8211; Herriarengatik<\/li>\n<li>Jesus Juan Bertiz Go\u00f1i &#8211; Herriarengatik<\/li>\n<li>Lazaro Javier Erasun Echeverria &#8211; Herriarengatik<\/li>\n<li>Jose Antonio Mindeguia Saldias &#8211; Herriarengatik<\/li>\n<\/ul>\n<p><span style=\"color: #555555;font-family: Ubuntu, sans-serif;font-size: 28px;font-weight: normal\">Secretario accidental:<\/span><\/p>\n<ul>\n<li>Jon Etxague Goia<\/li>\n<\/ul>\n<h2>Datos generales<\/h2>\n<ul>\n<li><strong>Ayuntamiento de:<\/strong> Beintza-Labaien<\/li>\n<li><strong>Comunidad Aut\u00f3noma:<\/strong> Navarra<\/li>\n<li><strong>Provincia:<\/strong> Navarra<\/li>\n<li><strong>Categor\u00eda Hist\u00f3rica:<\/strong> Villa<\/li>\n<li><strong>Categor\u00eda Administrativa:<\/strong> Ayuntamiento<\/li>\n<li><strong>Partido Judicial:<\/strong> Pamplona<\/li>\n<li><strong>Merindad:<\/strong> Pamplona<\/li>\n<li><strong>Comarca Geogr\u00e1fica:<\/strong> Basaburua Menor<\/li>\n<li><strong>Poblaci\u00f3n en 2016:<\/strong> 235 habitantes.<\/li>\n<li><strong>Superficie:<\/strong> 27,90 Km\/\u00b2<\/li>\n<li><strong>Altitud en el Ayuntamiento:<\/strong> 456 metros<\/li>\n<li><strong>Distancia a Pamplona:<\/strong> 50 Km<\/li>\n<li><strong>Comunicaciones\/Carreteras de Acceso:<\/strong>\n<ul>\n<li>Pamplona-Orokieta.Saldias-Labaien<\/li>\n<li>Pamplona-Santesteban-Labaien-NA 121-A<\/li>\n<li>Irun-Santesteban-Labaien-NA-121-A<\/li>\n<\/ul>\n<\/li>\n<li><strong>Gentilicio:<\/strong> Labaindarra<\/li>\n<\/ul>\n<p><\/p>","protected":false},"excerpt":{"rendered":"<p>Ayuntamiento Horario de las oficinas: Lunes y viernes de 08:00 a 11:00 horas (atenci\u00f3n telef\u00f3nica) atenci\u00f3n presencial con cita previa de 10:00 h. a 11:00 h. Direcci\u00f3n: Udaletxeko Karrika 9- 2\u00ba Beintza-Labaien (NAVARRA) Tel\u00e9fono: 948 45 08 64 E-mail: udala@labaien.eus&hellip; <\/p>\n","protected":false},"author":1,"featured_media":116,"parent":0,"menu_order":6,"comment_status":"closed","ping_status":"closed","template":"","meta":{"_monsterinsights_skip_tracking":false,"_monsterinsights_sitenote_active":false,"_monsterinsights_sitenote_note":"","_monsterinsights_sitenote_category":0,"footnotes":""},"class_list":["post-10","page","type-page","status-publish","has-post-thumbnail","hentry"],"_links":{"self":[{"href":"http:\/\/www.labaien.org\/es\/wp-json\/wp\/v2\/pages\/10","targetHints":{"allow":["GET"]}}],"collection":[{"href":"http:\/\/www.labaien.org\/es\/wp-json\/wp\/v2\/pages"}],"about":[{"href":"http:\/\/www.labaien.org\/es\/wp-json\/wp\/v2\/types\/page"}],"author":[{"embeddable":true,"href":"http:\/\/www.labaien.org\/es\/wp-json\/wp\/v2\/users\/1"}],"replies":[{"embeddable":true,"href":"http:\/\/www.labaien.org\/es\/wp-json\/wp\/v2\/comments?post=10"}],"version-history":[{"count":27,"href":"http:\/\/www.labaien.org\/es\/wp-json\/wp\/v2\/pages\/10\/revisions"}],"predecessor-version":[{"id":8618,"href":"http:\/\/www.labaien.org\/es\/wp-json\/wp\/v2\/pages\/10\/revisions\/8618"}],"wp:featuredmedia":[{"embeddable":true,"href":"http:\/\/www.labaien.org\/es\/wp-json\/wp\/v2\/media\/116"}],"wp:attachment":[{"href":"http:\/\/www.labaien.org\/es\/wp-json\/wp\/v2\/media?parent=10"}],"curies":[{"name":"wp","href":"https:\/\/api.w.org\/{rel}","templated":true}]}}